{"id":3724,"date":"2025-10-06T15:30:00","date_gmt":"2025-10-06T13:30:00","guid":{"rendered":"https:\/\/zarkaskate.com\/product\/tote-bag-360-flip\/"},"modified":"2025-11-08T21:06:12","modified_gmt":"2025-11-08T19:06:12","slug":"tote-bag-360-flip","status":"publish","type":"product","link":"https:\/\/zarkaskate.com\/en\/product\/tote-bag-360-flip\/","title":{"rendered":"Tote Bag 360 flip"},"content":{"rendered":"<p><span dir=\"auto\" style=\"vertical-align: inherit;\"><span dir=\"auto\" style=\"vertical-align: inherit;\">Hecha 100% de algod\u00f3n org\u00e1nico, ofrece un tejido suave pero resistente, ideal para el d\u00eda a d\u00eda. <\/span><\/span><\/p>\n<p><span dir=\"auto\" style=\"vertical-align: inherit;\"><span dir=\"auto\" style=\"vertical-align: inherit;\">Product Features<\/span><\/span><\/p>\n<p><span dir=\"auto\" style=\"vertical-align: inherit;\"><span dir=\"auto\" style=\"vertical-align: inherit;\">&#8211; Asas de red de algod\u00f3n resistentes para un transporte c\u00f3modo, perfectas para llevar en la mano o al hombro. <\/span><\/span><br \/>\n<span dir=\"auto\" style=\"vertical-align: inherit;\"><span dir=\"auto\" style=\"vertical-align: inherit;\">&#8211; Esquinas planas que garantizan un acabado impecable, brindando un aspecto elegante sin volumen adicional. <\/span><\/span><br \/>\n<span dir=\"auto\" style=\"vertical-align: inherit;\"><span dir=\"auto\" style=\"vertical-align: inherit;\">&#8211; Costuras reforzadas en las asas para mayor resistencia y durabilidad para un uso intensivo. <\/span><\/span><br \/>\n<span dir=\"auto\" style=\"vertical-align: inherit;\"><span dir=\"auto\" style=\"vertical-align: inherit;\">&#8211; Hecha 100% de algod\u00f3n org\u00e1nico, lo que garantiza suavidad y sostenibilidad. <\/span><\/span><br \/>\n<span dir=\"auto\" style=\"vertical-align: inherit;\"><span dir=\"auto\" style=\"vertical-align: inherit;\">La tela gruesa (10 oz\/yd\u00b2) ofrece un soporte fiable para todos tus art\u00edculos esenciales de uso diario. <\/span><\/span><\/p>\n<p><span dir=\"auto\" style=\"vertical-align: inherit;\"><span dir=\"auto\" style=\"vertical-align: inherit;\">Care Instructions: <\/span><\/span><br \/>\n<span dir=\"auto\" style=\"vertical-align: inherit;\"><span dir=\"auto\" style=\"vertical-align: inherit;\">: Retira todos los art\u00edculos de la bolsa antes de limpiarla. Se recomienda tratar las manchas visibles con quitamanchas. Mezcla agua tibia con detergente para ropa y limpia la bolsa con una toallita de felpa o un cepillo de cerdas suaves. Deja que la bolsa se seque al aire.   <\/span><\/span><\/p>\n","protected":false},"excerpt":{"rendered":"<p>Hecha 100% de algod\u00f3n org\u00e1nico, ofrece un tejido suave pero resistente, ideal para el d\u00eda a d\u00eda. Product Features &#8211; Asas de red de algod\u00f3n resistentes para un transporte c\u00f3modo, perfectas para llevar en la mano o al hombro. &#8211; Esquinas planas que garantizan un acabado impecable, brindando un aspecto elegante sin volumen adicional. &#8211;&#8230;<\/p>\n","protected":false},"featured_media":1244,"comment_status":"open","ping_status":"closed","template":"","meta":{"_kad_post_transparent":"","_kad_post_title":"","_kad_post_layout":"","_kad_post_sidebar_id":"","_kad_post_content_style":"","_kad_post_vertical_padding":"","_kad_post_feature":"","_kad_post_feature_position":"","_kad_post_header":false,"_kad_post_footer":false},"product_brand":[],"product_cat":[38],"product_tag":[],"class_list":{"0":"post-3724","1":"product","2":"type-product","3":"status-publish","4":"has-post-thumbnail","6":"product_cat-accessories","8":"first","9":"instock","10":"shipping-taxable","11":"purchasable","12":"product-type-variable","13":"has-default-attributes","14":"entry","15":"content-bg","16":"loop-entry"},"yoast_head":"<!-- This site is optimized with the Yoast SEO plugin v26.0 - https:\/\/yoast.com\/wordpress\/plugins\/seo\/ -->\n<title>Tote Bag 360 flip - Zarka<\/title>\n<meta name=\"robots\" content=\"index, follow, max-snippet:-1, max-image-preview:large, max-video-preview:-1\" \/>\n<link rel=\"canonical\" href=\"https:\/\/zarkaskate.com\/en\/product\/tote-bag-360-flip\/\" \/>\n<meta property=\"og:locale\" content=\"en_US\" \/>\n<meta property=\"og:type\" content=\"article\" \/>\n<meta property=\"og:title\" content=\"Tote Bag 360 flip - Zarka\" \/>\n<meta property=\"og:description\" content=\"Hecha 100% de algod\u00f3n org\u00e1nico, ofrece un tejido suave pero resistente, ideal para el d\u00eda a d\u00eda. Product Features &#8211; Asas de red de algod\u00f3n resistentes para un transporte c\u00f3modo, perfectas para llevar en la mano o al hombro. &#8211; Esquinas planas que garantizan un acabado impecable, brindando un aspecto elegante sin volumen adicional. &#8211;...\" \/>\n<meta property=\"og:url\" content=\"https:\/\/zarkaskate.com\/en\/product\/tote-bag-360-flip\/\" \/>\n<meta property=\"og:site_name\" content=\"Zarka\" \/>\n<meta property=\"article:modified_time\" content=\"2025-11-08T19:06:12+00:00\" \/>\n<meta property=\"og:image\" content=\"https:\/\/zarkaskate.com\/wp-content\/uploads\/2025\/10\/4586253014849775703_2048-1.jpeg\" \/>\n\t<meta property=\"og:image:width\" content=\"2048\" \/>\n\t<meta property=\"og:image:height\" content=\"2048\" \/>\n\t<meta property=\"og:image:type\" content=\"image\/jpeg\" \/>\n<meta name=\"twitter:card\" content=\"summary_large_image\" \/>\n<meta name=\"twitter:label1\" content=\"Est. reading time\" \/>\n\t<meta name=\"twitter:data1\" content=\"1 minute\" \/>\n<script type=\"application\/ld+json\" class=\"yoast-schema-graph\">{\"@context\":\"https:\/\/schema.org\",\"@graph\":[{\"@type\":\"WebPage\",\"@id\":\"https:\/\/zarkaskate.com\/en\/product\/tote-bag-360-flip\/\",\"url\":\"https:\/\/zarkaskate.com\/en\/product\/tote-bag-360-flip\/\",\"name\":\"Tote Bag 360 flip - Zarka\",\"isPartOf\":{\"@id\":\"https:\/\/zarkaskate.com\/en\/#website\"},\"primaryImageOfPage\":{\"@id\":\"https:\/\/zarkaskate.com\/en\/product\/tote-bag-360-flip\/#primaryimage\"},\"image\":{\"@id\":\"https:\/\/zarkaskate.com\/en\/product\/tote-bag-360-flip\/#primaryimage\"},\"thumbnailUrl\":\"https:\/\/zarkaskate.com\/wp-content\/uploads\/2025\/10\/4586253014849775703_2048-1.jpeg\",\"datePublished\":\"2025-10-06T13:30:00+00:00\",\"dateModified\":\"2025-11-08T19:06:12+00:00\",\"breadcrumb\":{\"@id\":\"https:\/\/zarkaskate.com\/en\/product\/tote-bag-360-flip\/#breadcrumb\"},\"inLanguage\":\"en-US\",\"potentialAction\":[{\"@type\":\"ReadAction\",\"target\":[\"https:\/\/zarkaskate.com\/en\/product\/tote-bag-360-flip\/\"]}]},{\"@type\":\"ImageObject\",\"inLanguage\":\"en-US\",\"@id\":\"https:\/\/zarkaskate.com\/en\/product\/tote-bag-360-flip\/#primaryimage\",\"url\":\"https:\/\/zarkaskate.com\/wp-content\/uploads\/2025\/10\/4586253014849775703_2048-1.jpeg\",\"contentUrl\":\"https:\/\/zarkaskate.com\/wp-content\/uploads\/2025\/10\/4586253014849775703_2048-1.jpeg\",\"width\":2048,\"height\":2048},{\"@type\":\"BreadcrumbList\",\"@id\":\"https:\/\/zarkaskate.com\/en\/product\/tote-bag-360-flip\/#breadcrumb\",\"itemListElement\":[{\"@type\":\"ListItem\",\"position\":1,\"name\":\"Portada\",\"item\":\"https:\/\/zarkaskate.com\/en\/\"},{\"@type\":\"ListItem\",\"position\":2,\"name\":\"Shop\",\"item\":\"https:\/\/zarkaskate.com\/en\/shop\/\"},{\"@type\":\"ListItem\",\"position\":3,\"name\":\"Tote Bag 360 flip\"}]},{\"@type\":\"WebSite\",\"@id\":\"https:\/\/zarkaskate.com\/en\/#website\",\"url\":\"https:\/\/zarkaskate.com\/en\/\",\"name\":\"Zarka\",\"description\":\"Cultura Skate\",\"publisher\":{\"@id\":\"https:\/\/zarkaskate.com\/en\/#organization\"},\"potentialAction\":[{\"@type\":\"SearchAction\",\"target\":{\"@type\":\"EntryPoint\",\"urlTemplate\":\"https:\/\/zarkaskate.com\/en\/?s={search_term_string}\"},\"query-input\":{\"@type\":\"PropertyValueSpecification\",\"valueRequired\":true,\"valueName\":\"search_term_string\"}}],\"inLanguage\":\"en-US\"},{\"@type\":\"Organization\",\"@id\":\"https:\/\/zarkaskate.com\/en\/#organization\",\"name\":\"Zarka\",\"url\":\"https:\/\/zarkaskate.com\/en\/\",\"logo\":{\"@type\":\"ImageObject\",\"inLanguage\":\"en-US\",\"@id\":\"https:\/\/zarkaskate.com\/en\/#\/schema\/logo\/image\/\",\"url\":\"https:\/\/zarkaskate.com\/wp-content\/uploads\/2025\/09\/zarka-blanco-scaled.png\",\"contentUrl\":\"https:\/\/zarkaskate.com\/wp-content\/uploads\/2025\/09\/zarka-blanco-scaled.png\",\"width\":2560,\"height\":1679,\"caption\":\"Zarka\"},\"image\":{\"@id\":\"https:\/\/zarkaskate.com\/en\/#\/schema\/logo\/image\/\"},\"sameAs\":[\"https:\/\/www.instagram.com\/zarka.skateboards\/\"]}]}<\/script>\n<!-- \/ Yoast SEO plugin. -->","yoast_head_json":{"title":"Tote Bag 360 flip - Zarka","robots":{"index":"index","follow":"follow","max-snippet":"max-snippet:-1","max-image-preview":"max-image-preview:large","max-video-preview":"max-video-preview:-1"},"canonical":"https:\/\/zarkaskate.com\/en\/product\/tote-bag-360-flip\/","og_locale":"en_US","og_type":"article","og_title":"Tote Bag 360 flip - Zarka","og_description":"Hecha 100% de algod\u00f3n org\u00e1nico, ofrece un tejido suave pero resistente, ideal para el d\u00eda a d\u00eda. Product Features &#8211; Asas de red de algod\u00f3n resistentes para un transporte c\u00f3modo, perfectas para llevar en la mano o al hombro. &#8211; Esquinas planas que garantizan un acabado impecable, brindando un aspecto elegante sin volumen adicional. &#8211;...","og_url":"https:\/\/zarkaskate.com\/en\/product\/tote-bag-360-flip\/","og_site_name":"Zarka","article_modified_time":"2025-11-08T19:06:12+00:00","og_image":[{"width":2048,"height":2048,"url":"https:\/\/zarkaskate.com\/wp-content\/uploads\/2025\/10\/4586253014849775703_2048-1.jpeg","type":"image\/jpeg"}],"twitter_card":"summary_large_image","twitter_misc":{"Est. reading time":"1 minute"},"schema":{"@context":"https:\/\/schema.org","@graph":[{"@type":"WebPage","@id":"https:\/\/zarkaskate.com\/en\/product\/tote-bag-360-flip\/","url":"https:\/\/zarkaskate.com\/en\/product\/tote-bag-360-flip\/","name":"Tote Bag 360 flip - Zarka","isPartOf":{"@id":"https:\/\/zarkaskate.com\/en\/#website"},"primaryImageOfPage":{"@id":"https:\/\/zarkaskate.com\/en\/product\/tote-bag-360-flip\/#primaryimage"},"image":{"@id":"https:\/\/zarkaskate.com\/en\/product\/tote-bag-360-flip\/#primaryimage"},"thumbnailUrl":"https:\/\/zarkaskate.com\/wp-content\/uploads\/2025\/10\/4586253014849775703_2048-1.jpeg","datePublished":"2025-10-06T13:30:00+00:00","dateModified":"2025-11-08T19:06:12+00:00","breadcrumb":{"@id":"https:\/\/zarkaskate.com\/en\/product\/tote-bag-360-flip\/#breadcrumb"},"inLanguage":"en-US","potentialAction":[{"@type":"ReadAction","target":["https:\/\/zarkaskate.com\/en\/product\/tote-bag-360-flip\/"]}]},{"@type":"ImageObject","inLanguage":"en-US","@id":"https:\/\/zarkaskate.com\/en\/product\/tote-bag-360-flip\/#primaryimage","url":"https:\/\/zarkaskate.com\/wp-content\/uploads\/2025\/10\/4586253014849775703_2048-1.jpeg","contentUrl":"https:\/\/zarkaskate.com\/wp-content\/uploads\/2025\/10\/4586253014849775703_2048-1.jpeg","width":2048,"height":2048},{"@type":"BreadcrumbList","@id":"https:\/\/zarkaskate.com\/en\/product\/tote-bag-360-flip\/#breadcrumb","itemListElement":[{"@type":"ListItem","position":1,"name":"Portada","item":"https:\/\/zarkaskate.com\/en\/"},{"@type":"ListItem","position":2,"name":"Shop","item":"https:\/\/zarkaskate.com\/en\/shop\/"},{"@type":"ListItem","position":3,"name":"Tote Bag 360 flip"}]},{"@type":"WebSite","@id":"https:\/\/zarkaskate.com\/en\/#website","url":"https:\/\/zarkaskate.com\/en\/","name":"Zarka","description":"Cultura Skate","publisher":{"@id":"https:\/\/zarkaskate.com\/en\/#organization"},"potentialAction":[{"@type":"SearchAction","target":{"@type":"EntryPoint","urlTemplate":"https:\/\/zarkaskate.com\/en\/?s={search_term_string}"},"query-input":{"@type":"PropertyValueSpecification","valueRequired":true,"valueName":"search_term_string"}}],"inLanguage":"en-US"},{"@type":"Organization","@id":"https:\/\/zarkaskate.com\/en\/#organization","name":"Zarka","url":"https:\/\/zarkaskate.com\/en\/","logo":{"@type":"ImageObject","inLanguage":"en-US","@id":"https:\/\/zarkaskate.com\/en\/#\/schema\/logo\/image\/","url":"https:\/\/zarkaskate.com\/wp-content\/uploads\/2025\/09\/zarka-blanco-scaled.png","contentUrl":"https:\/\/zarkaskate.com\/wp-content\/uploads\/2025\/09\/zarka-blanco-scaled.png","width":2560,"height":1679,"caption":"Zarka"},"image":{"@id":"https:\/\/zarkaskate.com\/en\/#\/schema\/logo\/image\/"},"sameAs":["https:\/\/www.instagram.com\/zarka.skateboards\/"]}]}},"_links":{"self":[{"href":"https:\/\/zarkaskate.com\/en\/wp-json\/wp\/v2\/product\/3724","targetHints":{"allow":["GET"]}}],"collection":[{"href":"https:\/\/zarkaskate.com\/en\/wp-json\/wp\/v2\/product"}],"about":[{"href":"https:\/\/zarkaskate.com\/en\/wp-json\/wp\/v2\/types\/product"}],"replies":[{"embeddable":true,"href":"https:\/\/zarkaskate.com\/en\/wp-json\/wp\/v2\/comments?post=3724"}],"wp:featuredmedia":[{"embeddable":true,"href":"https:\/\/zarkaskate.com\/en\/wp-json\/wp\/v2\/media\/1244"}],"wp:attachment":[{"href":"https:\/\/zarkaskate.com\/en\/wp-json\/wp\/v2\/media?parent=3724"}],"wp:term":[{"taxonomy":"product_brand","embeddable":true,"href":"https:\/\/zarkaskate.com\/en\/wp-json\/wp\/v2\/product_brand?post=3724"},{"taxonomy":"product_cat","embeddable":true,"href":"https:\/\/zarkaskate.com\/en\/wp-json\/wp\/v2\/product_cat?post=3724"},{"taxonomy":"product_tag","embeddable":true,"href":"https:\/\/zarkaskate.com\/en\/wp-json\/wp\/v2\/product_tag?post=3724"}],"curies":[{"name":"wp","href":"https:\/\/api.w.org\/{rel}","templated":true}]}}