{"id":2843,"date":"2025-09-27T17:09:13","date_gmt":"2025-09-27T15:09:13","guid":{"rendered":"https:\/\/zarkaskate.com\/general-conditions-of-sale\/"},"modified":"2025-10-19T23:53:57","modified_gmt":"2025-10-19T21:53:57","slug":"general-conditions-of-sale","status":"publish","type":"page","link":"https:\/\/zarkaskate.com\/en\/general-conditions-of-sale\/","title":{"rendered":"General Conditions of Sale"},"content":{"rendered":"\n<h2 class=\"wp-block-heading\">INFORMACI\u00d3N GENERAL<\/h2>\n\n<p>Las presentes Condiciones Generales de Venta regulan la venta de productos ofrecidos en el sitio web zarkaskate.com (en adelante, &#8220;el Sitio Web&#8221;), cuyo titular es Zarka Skateboards y domicilio en Barcelona, Espa\u00f1a.<\/p>\n\n<p>Estas Condiciones Generales de Venta se aplican a todas las compras realizadas a trav\u00e9s del Sitio Web y constituyen, junto con el pedido, el contrato entre Zarka y el cliente.<\/p>\n\n<h2 class=\"wp-block-heading\">PRODUCTOS<\/h2>\n\n<p>Los productos que se ofrecen a trav\u00e9s del Sitio Web son principalmente ropa y accesorios relacionados con el mundo del skate. Las fotograf\u00edas de los productos tienen un car\u00e1cter meramente ilustrativo. Aunque se intenta mostrar con exactitud los colores reales de los productos, el color que aparece en pantalla puede variar seg\u00fan el dispositivo utilizado.  <\/p>\n\n<p>Zarka se reserva el derecho a modificar en cualquier momento el surtido de productos ofrecidos en el Sitio Web.<\/p>\n\n<h2 class=\"wp-block-heading\">PRECIOS<\/h2>\n\n<p>Los precios que se indican respecto a cada producto incluyen el Impuesto sobre el Valor A\u00f1adido (IVA) u otros impuestos que pudieran ser aplicables. Estos precios, a menos que se indique expresamente lo contrario, no incluyen los gastos de env\u00edo, manipulaci\u00f3n, envoltorio, seguro de env\u00edo o cualesquiera otros servicios adicionales y anexos al producto adquirido. <\/p>\n\n<p>Los precios aplicables a cada producto ser\u00e1n los publicados en el Sitio Web y aplicados de forma autom\u00e1tica por el proceso de compra en la \u00faltima fase de la misma. El cliente asume que la valoraci\u00f3n econ\u00f3mica de algunos de los productos podr\u00e1 variar en tiempo real. En todo caso esto ser\u00e1 siempre comunicado previamente al usuario.  <\/p>\n\n<p>Con car\u00e1cter previo a la compra, el cliente ver\u00e1 el precio total con impuestos incluidos y los gastos de env\u00edo que le ser\u00e1n aplicados a su pedido.<\/p>\n\n<h2 class=\"wp-block-heading\">PROCESO DE COMPRA<\/h2>\n\n<p>Para realizar una compra en el Sitio Web, el cliente deber\u00e1 seguir el procedimiento indicado en el mismo. Esto implica la selecci\u00f3n de productos, la introducci\u00f3n de datos personales y de env\u00edo, la elecci\u00f3n del m\u00e9todo de pago y la confirmaci\u00f3n del pedido. <\/p>\n\n<p>Una vez completado el proceso de compra, Zarka enviar\u00e1 un correo electr\u00f3nico al cliente confirmando los detalles del pedido realizado.<\/p>\n\n<h2 class=\"wp-block-heading\">FORMAS DE PAGO<\/h2>\n\n<p>El cliente puede abonar el importe de su pedido mediante las siguientes formas de pago:<\/p>\n\n<ul class=\"wp-block-list\">\n<li>Tarjeta de cr\u00e9dito o d\u00e9bito (Visa, MasterCard, American Express)<\/li>\n\n\n\n<li>PayPal<\/li>\n<\/ul>\n\n<p>Zarka se reserva el derecho a rechazar cualquier solicitud de compra o pedido de un cliente con el que mantenga un litigio o incidencia relacionada con el pago.<\/p>\n\n<h2 class=\"wp-block-heading\">ENV\u00cdO Y ENTREGA<\/h2>\n\n<p>Los productos se enviar\u00e1n a la direcci\u00f3n de entrega que el cliente haya indicado durante el proceso de compra. Zarka no se responsabiliza de los errores causados en la entrega cuando la direcci\u00f3n de entrega introducida por el cliente en el formulario de pedido no se ajuste a la realidad o hayan sido omitidos datos. <\/p>\n\n<p>Los plazos de entrega son orientativos y se calculan en d\u00edas laborables, pudiendo variar en funci\u00f3n de la zona geogr\u00e1fica de entrega y circunstancias ajenas a Zarka como condiciones meteorol\u00f3gicas adversas, retenciones en aduanas, etc.<\/p>\n\n<p>Si por alg\u00fan motivo no pudi\u00e9ramos cumplir con la fecha de entrega, informaremos al cliente de esta circunstancia y le daremos la opci\u00f3n de seguir adelante con la compra estableciendo una nueva fecha de entrega o bien anular el pedido con el reembolso total del precio pagado.<\/p>\n\n<h2 class=\"wp-block-heading\">DERECHO DE DESISTIMIENTO<\/h2>\n\n<p>De conformidad con lo establecido en el Real Decreto Legislativo 1\/2007, de 16 de noviembre, por el que se aprueba el texto refundido de la Ley General para la Defensa de los Consumidores y Usuarios y otras leyes complementarias, el cliente tiene derecho a desistir del contrato celebrado a distancia en un plazo de 14 d\u00edas naturales sin necesidad de justificaci\u00f3n.<\/p>\n\n<p>El plazo de desistimiento expirar\u00e1 a los 14 d\u00edas naturales del d\u00eda en que el cliente o un tercero indicado por \u00e9ste, distinto del transportista, adquiri\u00f3 la posesi\u00f3n material de los bienes.<\/p>\n\n<p>Para ejercer el derecho de desistimiento, el cliente deber\u00e1 notificar a Zarka su decisi\u00f3n de desistir del contrato a trav\u00e9s de una declaraci\u00f3n inequ\u00edvoca (por ejemplo, una carta enviada por correo postal o correo electr\u00f3nico). Podr\u00e1 utilizar el modelo de formulario de desistimiento que figura a continuaci\u00f3n, aunque su uso no es obligatorio. <\/p>\n\n<p>Para cumplir el plazo de desistimiento, basta con que la comunicaci\u00f3n relativa al ejercicio de este derecho sea enviada antes de que venza el plazo correspondiente.<\/p>\n\n<h3 class=\"wp-block-heading\">Consecuencias del desistimiento<\/h3>\n\n<p>En caso de desistimiento, Zarka reembolsar\u00e1 al cliente todos los pagos recibidos, incluidos los gastos de entrega (con la excepci\u00f3n de los gastos adicionales resultantes de la elecci\u00f3n por parte del cliente de una modalidad de entrega diferente a la modalidad menos costosa de entrega ordinaria que ofrezcamos) sin ninguna demora indebida y, en todo caso, a m\u00e1s tardar 14 d\u00edas naturales a partir de la fecha en la que se nos informe de su decisi\u00f3n de desistir del presente contrato.<\/p>\n\n<p>Zarka proceder\u00e1 a efectuar dicho reembolso utilizando el mismo medio de pago empleado por el cliente para la transacci\u00f3n inicial, a no ser que el cliente haya dispuesto expresamente lo contrario; en todo caso, no incurrir\u00e1 en ning\u00fan gasto como consecuencia del reembolso.<\/p>\n\n<p>Zarka podr\u00e1 retener el reembolso hasta haber recibido los bienes, o hasta que el cliente haya presentado una prueba de la devoluci\u00f3n de los mismos, seg\u00fan qu\u00e9 condici\u00f3n se cumpla primero.<\/p>\n\n<p>El cliente deber\u00e1 devolver o entregar directamente los bienes a Zarka sin ninguna demora indebida y, en cualquier caso, a m\u00e1s tardar en el plazo de 14 d\u00edas naturales a partir de la fecha en que comunique su decisi\u00f3n de desistimiento del contrato. Se considerar\u00e1 cumplido el plazo si el cliente efect\u00faa la devoluci\u00f3n de los bienes antes de que haya concluido dicho plazo. <\/p>\n\n<p>El cliente deber\u00e1 asumir el coste directo de devoluci\u00f3n de los bienes.<\/p>\n\n<p>El cliente solo ser\u00e1 responsable de la disminuci\u00f3n de valor de los bienes resultante de una manipulaci\u00f3n distinta a la necesaria para establecer la naturaleza, las caracter\u00edsticas y el funcionamiento de los bienes.<\/p>\n\n<h3 class=\"wp-block-heading\">Excepciones al derecho de desistimiento<\/h3>\n\n<p>El derecho de desistimiento no ser\u00e1 aplicable a los contratos que se refieran a:<\/p>\n\n<ul class=\"wp-block-list\">\n<li>El suministro de bienes confeccionados conforme a las especificaciones del cliente o claramente personalizados.<\/li>\n\n\n\n<li>El suministro de bienes que puedan deteriorarse o caducar con rapidez.<\/li>\n\n\n\n<li>El suministro de bienes precintados que no sean aptos para ser devueltos por razones de protecci\u00f3n de la salud o de higiene y que hayan sido desprecintados tras la entrega.<\/li>\n<\/ul>\n\n<h2 class=\"wp-block-heading\">GARANT\u00cdAS<\/h2>\n\n<p>Todos los productos ofrecidos a trav\u00e9s del Sitio Web est\u00e1n cubiertos por la garant\u00eda legal establecida en el Real Decreto Legislativo 1\/2007, de 16 de noviembre, por el que se aprueba el texto refundido de la Ley General para la Defensa de los Consumidores y Usuarios y otras leyes complementarias.<\/p>\n\n<p>En caso de falta de conformidad del producto con el contrato, el cliente podr\u00e1 optar entre exigir la reparaci\u00f3n o la sustituci\u00f3n del producto, salvo que una de estas dos opciones resulte objetivamente imposible o desproporcionada. Si la reparaci\u00f3n o sustituci\u00f3n no fueran posibles o resulten desproporcionadas, el cliente podr\u00e1 optar por una rebaja en el precio o la resoluci\u00f3n del contrato. <\/p>\n\n<p>Para hacer efectiva la garant\u00eda, el cliente deber\u00e1 ponerse en contacto con Zarka a trav\u00e9s de los medios indicados en el apartado &#8220;Contacto&#8221; del Sitio Web.<\/p>\n\n<h2 class=\"wp-block-heading\">ATENCI\u00d3N AL CLIENTE<\/h2>\n\n<p>Para cualquier duda, sugerencia, consulta o reclamaci\u00f3n sobre el Sitio Web o los productos ofrecidos, el cliente puede contactar con Zarka a trav\u00e9s de los siguientes medios:<\/p>\n\n<ul class=\"wp-block-list\">\n<li>Email: <a href=\"mailto:info@zarkaskate.com\">info@zarkaskate.com<\/a><\/li>\n\n\n\n<li>Domicilio: Barcelona, Espa\u00f1a<\/li>\n\n\n\n<li>Formulario de contacto disponible en la web<\/li>\n<\/ul>\n\n<h2 class=\"wp-block-heading\">MODIFICACI\u00d3N DE LAS CONDICIONES GENERALES DE VENTA<\/h2>\n\n<p>Zarka se reserva el derecho de modificar en cualquier momento las presentes Condiciones Generales de Venta. En todo caso, las condiciones generales vigentes en el momento de la realizaci\u00f3n del pedido ser\u00e1n las que resulten aplicables. <\/p>\n\n<h2 class=\"wp-block-heading\">LEY APLICABLE Y JURISDICCI\u00d3N<\/h2>\n\n<p>Las presentes Condiciones Generales de Venta se rigen por la legislaci\u00f3n espa\u00f1ola.<\/p>\n\n<p>En caso de controversia que pudiera derivarse de las presentes condiciones generales y para la resoluci\u00f3n de los conflictos, las partes se someten, a su libre elecci\u00f3n, y con renuncia a cualquier otro fuero que pudiera corresponderles, a los juzgados y tribunales del domicilio del cliente.<\/p>\n\n<p>Asimismo, como entidad adherida a Confianza Online y en los t\u00e9rminos de su C\u00f3digo \u00c9tico, en caso de controversias relativas a la contrataci\u00f3n y publicidad online, protecci\u00f3n de datos, protecci\u00f3n de menores y accesibilidad, el usuario podr\u00e1 recurrir al sistema de resoluci\u00f3n extrajudicial de controversias de Confianza Online (www.confianzaonline.es).<\/p>\n\n<p>\u00a9 2025 Zarka &#8211; Todos los derechos reservados<\/p>\n","protected":false},"excerpt":{"rendered":"<p>INFORMACI\u00d3N GENERAL Las presentes Condiciones Generales de Venta regulan la venta de productos ofrecidos en el sitio web zarkaskate.com (en adelante, &#8220;el Sitio Web&#8221;), cuyo titular es Zarka Skateboards y domicilio en Barcelona, Espa\u00f1a. Estas Condiciones Generales de Venta se aplican a todas las compras realizadas a trav\u00e9s del Sitio Web y constituyen, junto con&#8230;<\/p>\n","protected":false},"author":1,"featured_media":0,"parent":0,"menu_order":0,"comment_status":"closed","ping_status":"closed","template":"","meta":{"_kad_post_transparent":"","_kad_post_title":"","_kad_post_layout":"","_kad_post_sidebar_id":"","_kad_post_content_style":"","_kad_post_vertical_padding":"","_kad_post_feature":"","_kad_post_feature_position":"","_kad_post_header":false,"_kad_post_footer":false,"footnotes":""},"class_list":["post-2843","page","type-page","status-publish","hentry"],"yoast_head":"<!-- This site is optimized with the Yoast SEO plugin v26.0 - https:\/\/yoast.com\/wordpress\/plugins\/seo\/ -->\n<title>General Conditions of Sale - Zarka<\/title>\n<meta name=\"robots\" content=\"index, follow, max-snippet:-1, max-image-preview:large, max-video-preview:-1\" \/>\n<link rel=\"canonical\" href=\"https:\/\/zarkaskate.com\/en\/general-conditions-of-sale\/\" \/>\n<meta property=\"og:locale\" content=\"en_US\" \/>\n<meta property=\"og:type\" content=\"article\" \/>\n<meta property=\"og:title\" content=\"General Conditions of Sale - Zarka\" \/>\n<meta property=\"og:description\" content=\"INFORMACI\u00d3N GENERAL Las presentes Condiciones Generales de Venta regulan la venta de productos ofrecidos en el sitio web zarkaskate.com (en adelante, &#8220;el Sitio Web&#8221;), cuyo titular es Zarka Skateboards y domicilio en Barcelona, Espa\u00f1a. Estas Condiciones Generales de Venta se aplican a todas las compras realizadas a trav\u00e9s del Sitio Web y constituyen, junto con...\" \/>\n<meta property=\"og:url\" content=\"https:\/\/zarkaskate.com\/en\/general-conditions-of-sale\/\" \/>\n<meta property=\"og:site_name\" content=\"Zarka\" \/>\n<meta property=\"article:modified_time\" content=\"2025-10-19T21:53:57+00:00\" \/>\n<meta name=\"twitter:card\" content=\"summary_large_image\" \/>\n<meta name=\"twitter:label1\" content=\"Est. reading time\" \/>\n\t<meta name=\"twitter:data1\" content=\"7 minutes\" \/>\n<script type=\"application\/ld+json\" class=\"yoast-schema-graph\">{\"@context\":\"https:\/\/schema.org\",\"@graph\":[{\"@type\":\"WebPage\",\"@id\":\"https:\/\/zarkaskate.com\/en\/general-conditions-of-sale\/\",\"url\":\"https:\/\/zarkaskate.com\/en\/general-conditions-of-sale\/\",\"name\":\"General Conditions of Sale - Zarka\",\"isPartOf\":{\"@id\":\"https:\/\/zarkaskate.com\/en\/#website\"},\"datePublished\":\"2025-09-27T15:09:13+00:00\",\"dateModified\":\"2025-10-19T21:53:57+00:00\",\"breadcrumb\":{\"@id\":\"https:\/\/zarkaskate.com\/en\/general-conditions-of-sale\/#breadcrumb\"},\"inLanguage\":\"en-US\",\"potentialAction\":[{\"@type\":\"ReadAction\",\"target\":[\"https:\/\/zarkaskate.com\/en\/general-conditions-of-sale\/\"]}]},{\"@type\":\"BreadcrumbList\",\"@id\":\"https:\/\/zarkaskate.com\/en\/general-conditions-of-sale\/#breadcrumb\",\"itemListElement\":[{\"@type\":\"ListItem\",\"position\":1,\"name\":\"Portada\",\"item\":\"https:\/\/zarkaskate.com\/en\/\"},{\"@type\":\"ListItem\",\"position\":2,\"name\":\"General Conditions of Sale\"}]},{\"@type\":\"WebSite\",\"@id\":\"https:\/\/zarkaskate.com\/en\/#website\",\"url\":\"https:\/\/zarkaskate.com\/en\/\",\"name\":\"Zarka\",\"description\":\"Cultura Skate\",\"publisher\":{\"@id\":\"https:\/\/zarkaskate.com\/en\/#organization\"},\"potentialAction\":[{\"@type\":\"SearchAction\",\"target\":{\"@type\":\"EntryPoint\",\"urlTemplate\":\"https:\/\/zarkaskate.com\/en\/?s={search_term_string}\"},\"query-input\":{\"@type\":\"PropertyValueSpecification\",\"valueRequired\":true,\"valueName\":\"search_term_string\"}}],\"inLanguage\":\"en-US\"},{\"@type\":\"Organization\",\"@id\":\"https:\/\/zarkaskate.com\/en\/#organization\",\"name\":\"Zarka\",\"url\":\"https:\/\/zarkaskate.com\/en\/\",\"logo\":{\"@type\":\"ImageObject\",\"inLanguage\":\"en-US\",\"@id\":\"https:\/\/zarkaskate.com\/en\/#\/schema\/logo\/image\/\",\"url\":\"https:\/\/zarkaskate.com\/wp-content\/uploads\/2025\/09\/zarka-blanco-scaled.png\",\"contentUrl\":\"https:\/\/zarkaskate.com\/wp-content\/uploads\/2025\/09\/zarka-blanco-scaled.png\",\"width\":2560,\"height\":1679,\"caption\":\"Zarka\"},\"image\":{\"@id\":\"https:\/\/zarkaskate.com\/en\/#\/schema\/logo\/image\/\"},\"sameAs\":[\"https:\/\/www.instagram.com\/zarka.skateboards\/\"]}]}<\/script>\n<!-- \/ Yoast SEO plugin. -->","yoast_head_json":{"title":"General Conditions of Sale - Zarka","robots":{"index":"index","follow":"follow","max-snippet":"max-snippet:-1","max-image-preview":"max-image-preview:large","max-video-preview":"max-video-preview:-1"},"canonical":"https:\/\/zarkaskate.com\/en\/general-conditions-of-sale\/","og_locale":"en_US","og_type":"article","og_title":"General Conditions of Sale - Zarka","og_description":"INFORMACI\u00d3N GENERAL Las presentes Condiciones Generales de Venta regulan la venta de productos ofrecidos en el sitio web zarkaskate.com (en adelante, &#8220;el Sitio Web&#8221;), cuyo titular es Zarka Skateboards y domicilio en Barcelona, Espa\u00f1a. Estas Condiciones Generales de Venta se aplican a todas las compras realizadas a trav\u00e9s del Sitio Web y constituyen, junto con...","og_url":"https:\/\/zarkaskate.com\/en\/general-conditions-of-sale\/","og_site_name":"Zarka","article_modified_time":"2025-10-19T21:53:57+00:00","twitter_card":"summary_large_image","twitter_misc":{"Est. reading time":"7 minutes"},"schema":{"@context":"https:\/\/schema.org","@graph":[{"@type":"WebPage","@id":"https:\/\/zarkaskate.com\/en\/general-conditions-of-sale\/","url":"https:\/\/zarkaskate.com\/en\/general-conditions-of-sale\/","name":"General Conditions of Sale - Zarka","isPartOf":{"@id":"https:\/\/zarkaskate.com\/en\/#website"},"datePublished":"2025-09-27T15:09:13+00:00","dateModified":"2025-10-19T21:53:57+00:00","breadcrumb":{"@id":"https:\/\/zarkaskate.com\/en\/general-conditions-of-sale\/#breadcrumb"},"inLanguage":"en-US","potentialAction":[{"@type":"ReadAction","target":["https:\/\/zarkaskate.com\/en\/general-conditions-of-sale\/"]}]},{"@type":"BreadcrumbList","@id":"https:\/\/zarkaskate.com\/en\/general-conditions-of-sale\/#breadcrumb","itemListElement":[{"@type":"ListItem","position":1,"name":"Portada","item":"https:\/\/zarkaskate.com\/en\/"},{"@type":"ListItem","position":2,"name":"General Conditions of Sale"}]},{"@type":"WebSite","@id":"https:\/\/zarkaskate.com\/en\/#website","url":"https:\/\/zarkaskate.com\/en\/","name":"Zarka","description":"Cultura Skate","publisher":{"@id":"https:\/\/zarkaskate.com\/en\/#organization"},"potentialAction":[{"@type":"SearchAction","target":{"@type":"EntryPoint","urlTemplate":"https:\/\/zarkaskate.com\/en\/?s={search_term_string}"},"query-input":{"@type":"PropertyValueSpecification","valueRequired":true,"valueName":"search_term_string"}}],"inLanguage":"en-US"},{"@type":"Organization","@id":"https:\/\/zarkaskate.com\/en\/#organization","name":"Zarka","url":"https:\/\/zarkaskate.com\/en\/","logo":{"@type":"ImageObject","inLanguage":"en-US","@id":"https:\/\/zarkaskate.com\/en\/#\/schema\/logo\/image\/","url":"https:\/\/zarkaskate.com\/wp-content\/uploads\/2025\/09\/zarka-blanco-scaled.png","contentUrl":"https:\/\/zarkaskate.com\/wp-content\/uploads\/2025\/09\/zarka-blanco-scaled.png","width":2560,"height":1679,"caption":"Zarka"},"image":{"@id":"https:\/\/zarkaskate.com\/en\/#\/schema\/logo\/image\/"},"sameAs":["https:\/\/www.instagram.com\/zarka.skateboards\/"]}]}},"_links":{"self":[{"href":"https:\/\/zarkaskate.com\/en\/wp-json\/wp\/v2\/pages\/2843","targetHints":{"allow":["GET"]}}],"collection":[{"href":"https:\/\/zarkaskate.com\/en\/wp-json\/wp\/v2\/pages"}],"about":[{"href":"https:\/\/zarkaskate.com\/en\/wp-json\/wp\/v2\/types\/page"}],"author":[{"embeddable":true,"href":"https:\/\/zarkaskate.com\/en\/wp-json\/wp\/v2\/users\/1"}],"replies":[{"embeddable":true,"href":"https:\/\/zarkaskate.com\/en\/wp-json\/wp\/v2\/comments?post=2843"}],"version-history":[{"count":1,"href":"https:\/\/zarkaskate.com\/en\/wp-json\/wp\/v2\/pages\/2843\/revisions"}],"predecessor-version":[{"id":2844,"href":"https:\/\/zarkaskate.com\/en\/wp-json\/wp\/v2\/pages\/2843\/revisions\/2844"}],"wp:attachment":[{"href":"https:\/\/zarkaskate.com\/en\/wp-json\/wp\/v2\/media?parent=2843"}],"curies":[{"name":"wp","href":"https:\/\/api.w.org\/{rel}","templated":true}]}}