{"id":2840,"date":"2025-09-27T17:05:58","date_gmt":"2025-09-27T15:05:58","guid":{"rendered":"https:\/\/zarkaskate.com\/cookies-policy\/"},"modified":"2025-10-19T23:50:34","modified_gmt":"2025-10-19T21:50:34","slug":"cookies-policy","status":"publish","type":"page","link":"https:\/\/zarkaskate.com\/en\/cookies-policy\/","title":{"rendered":"Cookies policy"},"content":{"rendered":"\n<h2 class=\"wp-block-heading\">\u00bfQU\u00c9 SON LAS COOKIES?<\/h2>\n\n<p>Una cookie es un fichero que se descarga en su ordenador al acceder a determinadas p\u00e1ginas web. Las cookies permiten a una p\u00e1gina web, entre otras cosas, almacenar y recuperar informaci\u00f3n sobre los h\u00e1bitos de navegaci\u00f3n de un usuario o de su equipo y, dependiendo de la informaci\u00f3n que contengan y de la forma en que utilice su equipo, pueden utilizarse para reconocer al usuario. <\/p>\n\n<h2 class=\"wp-block-heading\">TIPOS DE COOKIES QUE UTILIZA ESTA WEB<\/h2>\n\n<p>Este sitio web utiliza los siguientes tipos de cookies:<\/p>\n\n<h3 class=\"wp-block-heading\">Cookies t\u00e9cnicas<\/h3>\n\n<p>Son aquellas que permiten al usuario la navegaci\u00f3n a trav\u00e9s de la p\u00e1gina web y la utilizaci\u00f3n de las diferentes opciones o servicios que en ella existen como, por ejemplo, controlar el tr\u00e1fico y la comunicaci\u00f3n de datos, identificar la sesi\u00f3n, acceder a partes de acceso restringido, recordar los elementos que integran un pedido, realizar el proceso de compra de un pedido, realizar la solicitud de inscripci\u00f3n o participaci\u00f3n en un evento, utilizar elementos de seguridad durante la navegaci\u00f3n o almacenar contenidos para la difusi\u00f3n de videos o sonido.<\/p>\n\n<h3 class=\"wp-block-heading\">Cookies de an\u00e1lisis<\/h3>\n\n<p>Son aquellas que permiten al responsable de las mismas, el seguimiento y an\u00e1lisis del comportamiento de los usuarios de los sitios web a los que est\u00e1n vinculadas. La informaci\u00f3n recogida mediante este tipo de cookies se utiliza en la medici\u00f3n de la actividad de los sitios web, aplicaci\u00f3n o plataforma y para la elaboraci\u00f3n de perfiles de navegaci\u00f3n de los usuarios de dichos sitios, aplicaciones y plataformas, con el fin de introducir mejoras en funci\u00f3n del an\u00e1lisis de los datos de uso que hacen los usuarios del servicio. <\/p>\n\n<h3 class=\"wp-block-heading\">Cookies de personalizaci\u00f3n<\/h3>\n\n<p>Son aquellas que permiten al usuario acceder al servicio con algunas caracter\u00edsticas de car\u00e1cter general predefinidas en funci\u00f3n de una serie de criterios en el terminal del usuario como por ejemplo ser\u00edan el idioma, el tipo de navegador a trav\u00e9s del cual accede al servicio, la configuraci\u00f3n regional desde donde accede al servicio, etc.<\/p>\n\n<h3 class=\"wp-block-heading\">Cookies publicitarias<\/h3>\n\n<p>Son aquellas que permiten la gesti\u00f3n, de la forma m\u00e1s eficaz posible, de los espacios publicitarios que, en su caso, el editor haya incluido en una p\u00e1gina web, aplicaci\u00f3n o plataforma desde la que presta el servicio solicitado en base a criterios como el contenido editado o la frecuencia en la que se muestran los anuncios.<\/p>\n\n<h3 class=\"wp-block-heading\">Cookies de publicidad comportamental<\/h3>\n\n<p>Son aquellas que permiten la gesti\u00f3n, de la forma m\u00e1s eficaz posible, de los espacios publicitarios que, en su caso, el editor haya incluido en una p\u00e1gina web, aplicaci\u00f3n o plataforma desde la que presta el servicio solicitado. Estas cookies almacenan informaci\u00f3n del comportamiento de los usuarios obtenida a trav\u00e9s de la observaci\u00f3n continuada de sus h\u00e1bitos de navegaci\u00f3n, lo que permite desarrollar un perfil espec\u00edfico para mostrar publicidad en funci\u00f3n del mismo. <\/p>\n\n<h2 class=\"wp-block-heading\">COOKIES DE TERCEROS<\/h2>\n\n<p>Este sitio web puede utilizar servicios de terceros que, por cuenta de Zarka, recopilar\u00e1n informaci\u00f3n con fines estad\u00edsticos, de uso del sitio por parte del usuario y para la prestaci\u00f3n de otros servicios relacionados con la actividad del sitio web y otros servicios de Internet.<\/p>\n\n<p>En particular, este sitio Web utiliza:<\/p>\n\n<ul class=\"wp-block-list\">\n<li><strong>Google Analytics:<\/strong> Un servicio anal\u00edtico de web prestado por Google, Inc. con domicilio en los Estados Unidos con sede central en 1600 Amphitheatre Parkway, Mountain View, California 94043. Para la prestaci\u00f3n de estos servicios, estos utilizan cookies que recopilan la informaci\u00f3n, incluida la direcci\u00f3n IP del usuario, que ser\u00e1 transmitida, tratada y almacenada por Google en los t\u00e9rminos fijados en la web Google.com. Incluyendo la posible transmisi\u00f3n de dicha informaci\u00f3n a terceros por razones de exigencia legal o cuando dichos terceros procesen la informaci\u00f3n por cuenta de Google.   <\/li>\n\n\n\n<li><strong>Cookies de redes sociales:<\/strong> Cada red social utiliza sus propias cookies para que usted pueda pinchar en botones del tipo Me gusta o Compartir.<\/li>\n<\/ul>\n\n<h2 class=\"wp-block-heading\">GESTI\u00d3N DE COOKIES<\/h2>\n\n<p>Como garant\u00eda complementaria a las anteriormente descritas, el registro de las cookies podr\u00e1 estar sujeto a su aceptaci\u00f3n durante la instalaci\u00f3n o puesta al d\u00eda del navegador usado, y esta aceptaci\u00f3n puede en todo momento ser revocada mediante las opciones de configuraci\u00f3n de contenidos y privacidad disponibles.<\/p>\n\n<p>Muchos navegadores permiten activar un modo privado mediante el cual las cookies se borran siempre despu\u00e9s de su visita. Dependiendo de cada navegador este modo privado, puede tener diferentes nombres. A continuaci\u00f3n, encontrar\u00e1 una lista de los navegadores m\u00e1s comunes y los diferentes nombres de este &#8220;modo privado&#8221;:  <\/p>\n\n<ul class=\"wp-block-list\">\n<li>Internet Explorer 8 y superior: InPrivate<\/li>\n\n\n\n<li>Safari 2 y superior: Navegaci\u00f3n Privada<\/li>\n\n\n\n<li>Opera 10.5 y superior: Navegaci\u00f3n Privada<\/li>\n\n\n\n<li>FireFox 3.5 y superior: Navegaci\u00f3n Privada<\/li>\n\n\n\n<li>Google Chrome 10 y superior: Inc\u00f3gnito<\/li>\n<\/ul>\n\n<h2 class=\"wp-block-heading\">DESACTIVACI\u00d3N DE COOKIES<\/h2>\n\n<p>Puede usted permitir, bloquear o eliminar las cookies instaladas en su equipo mediante la configuraci\u00f3n de las opciones del navegador instalado en su ordenador:<\/p>\n\n<ul class=\"wp-block-list\">\n<li><a href=\"https:\/\/support.microsoft.com\/es-es\/help\/17442\/windows-internet-explorer-delete-manage-cookies\" target=\"_blank\">Microsoft Internet Explorer<\/a><\/li>\n\n\n\n<li><a href=\"https:\/\/support.mozilla.org\/es\/kb\/habilitar-y-deshabilitar-cookies-sitios-web-rastrear-preferencias\" target=\"_blank\">Mozilla Firefox<\/a><\/li>\n\n\n\n<li><a href=\"https:\/\/support.google.com\/chrome\/answer\/95647?hl=es\" target=\"_blank\">Google Chrome<\/a><\/li>\n\n\n\n<li><a href=\"https:\/\/support.apple.com\/es-es\/guide\/safari\/sfri11471\/mac\" target=\"_blank\">Safari<\/a><\/li>\n\n\n\n<li><a href=\"https:\/\/help.opera.com\/en\/latest\/web-preferences\/#cookies\" target=\"_blank\">Opera<\/a><\/li>\n<\/ul>\n\n<p>Si desea informaci\u00f3n adicional sobre c\u00f3mo configurar las cookies detallada por proveedor o administrar sus preferencias, visite la plataforma <a href=\"https:\/\/www.youronlinechoices.com\/es\/\" target=\"_blank\">www.youronlinechoices.com<\/a>.<\/p>\n\n<h2 class=\"wp-block-heading\">CAMBIOS EN LA POL\u00cdTICA DE COOKIES<\/h2>\n\n<p>Es posible que actualicemos la Pol\u00edtica de Cookies de nuestro sitio web, por ello le recomendamos revisar esta pol\u00edtica cada vez que acceda a nuestro sitio web con el objetivo de estar adecuadamente informado sobre c\u00f3mo y para qu\u00e9 usamos las cookies.<\/p>\n\n<p>\u00a9 2025 Zarka &#8211; Todos los derechos reservados<\/p>\n","protected":false},"excerpt":{"rendered":"<p>\u00bfQU\u00c9 SON LAS COOKIES? Una cookie es un fichero que se descarga en su ordenador al acceder a determinadas p\u00e1ginas web. Las cookies permiten a una p\u00e1gina web, entre otras cosas, almacenar y recuperar informaci\u00f3n sobre los h\u00e1bitos de navegaci\u00f3n de un usuario o de su equipo y, dependiendo de la informaci\u00f3n que contengan y&#8230;<\/p>\n","protected":false},"author":1,"featured_media":0,"parent":0,"menu_order":0,"comment_status":"closed","ping_status":"closed","template":"","meta":{"_kad_post_transparent":"","_kad_post_title":"","_kad_post_layout":"","_kad_post_sidebar_id":"","_kad_post_content_style":"","_kad_post_vertical_padding":"","_kad_post_feature":"","_kad_post_feature_position":"","_kad_post_header":false,"_kad_post_footer":false,"footnotes":""},"class_list":["post-2840","page","type-page","status-publish","hentry"],"yoast_head":"<!-- This site is optimized with the Yoast SEO plugin v26.0 - https:\/\/yoast.com\/wordpress\/plugins\/seo\/ -->\n<title>Cookies policy - Zarka<\/title>\n<meta name=\"robots\" content=\"index, follow, max-snippet:-1, max-image-preview:large, max-video-preview:-1\" \/>\n<link rel=\"canonical\" href=\"https:\/\/zarkaskate.com\/en\/cookies-policy\/\" \/>\n<meta property=\"og:locale\" content=\"en_US\" \/>\n<meta property=\"og:type\" content=\"article\" \/>\n<meta property=\"og:title\" content=\"Cookies policy - Zarka\" \/>\n<meta property=\"og:description\" content=\"\u00bfQU\u00c9 SON LAS COOKIES? Una cookie es un fichero que se descarga en su ordenador al acceder a determinadas p\u00e1ginas web. Las cookies permiten a una p\u00e1gina web, entre otras cosas, almacenar y recuperar informaci\u00f3n sobre los h\u00e1bitos de navegaci\u00f3n de un usuario o de su equipo y, dependiendo de la informaci\u00f3n que contengan y...\" \/>\n<meta property=\"og:url\" content=\"https:\/\/zarkaskate.com\/en\/cookies-policy\/\" \/>\n<meta property=\"og:site_name\" content=\"Zarka\" \/>\n<meta property=\"article:modified_time\" content=\"2025-10-19T21:50:34+00:00\" \/>\n<meta name=\"twitter:card\" content=\"summary_large_image\" \/>\n<meta name=\"twitter:label1\" content=\"Est. reading time\" \/>\n\t<meta name=\"twitter:data1\" content=\"5 minutes\" \/>\n<script type=\"application\/ld+json\" class=\"yoast-schema-graph\">{\"@context\":\"https:\/\/schema.org\",\"@graph\":[{\"@type\":\"WebPage\",\"@id\":\"https:\/\/zarkaskate.com\/en\/cookies-policy\/\",\"url\":\"https:\/\/zarkaskate.com\/en\/cookies-policy\/\",\"name\":\"Cookies policy - Zarka\",\"isPartOf\":{\"@id\":\"https:\/\/zarkaskate.com\/en\/#website\"},\"datePublished\":\"2025-09-27T15:05:58+00:00\",\"dateModified\":\"2025-10-19T21:50:34+00:00\",\"breadcrumb\":{\"@id\":\"https:\/\/zarkaskate.com\/en\/cookies-policy\/#breadcrumb\"},\"inLanguage\":\"en-US\",\"potentialAction\":[{\"@type\":\"ReadAction\",\"target\":[\"https:\/\/zarkaskate.com\/en\/cookies-policy\/\"]}]},{\"@type\":\"BreadcrumbList\",\"@id\":\"https:\/\/zarkaskate.com\/en\/cookies-policy\/#breadcrumb\",\"itemListElement\":[{\"@type\":\"ListItem\",\"position\":1,\"name\":\"Portada\",\"item\":\"https:\/\/zarkaskate.com\/en\/\"},{\"@type\":\"ListItem\",\"position\":2,\"name\":\"Cookies policy\"}]},{\"@type\":\"WebSite\",\"@id\":\"https:\/\/zarkaskate.com\/en\/#website\",\"url\":\"https:\/\/zarkaskate.com\/en\/\",\"name\":\"Zarka\",\"description\":\"Cultura Skate\",\"publisher\":{\"@id\":\"https:\/\/zarkaskate.com\/en\/#organization\"},\"potentialAction\":[{\"@type\":\"SearchAction\",\"target\":{\"@type\":\"EntryPoint\",\"urlTemplate\":\"https:\/\/zarkaskate.com\/en\/?s={search_term_string}\"},\"query-input\":{\"@type\":\"PropertyValueSpecification\",\"valueRequired\":true,\"valueName\":\"search_term_string\"}}],\"inLanguage\":\"en-US\"},{\"@type\":\"Organization\",\"@id\":\"https:\/\/zarkaskate.com\/en\/#organization\",\"name\":\"Zarka\",\"url\":\"https:\/\/zarkaskate.com\/en\/\",\"logo\":{\"@type\":\"ImageObject\",\"inLanguage\":\"en-US\",\"@id\":\"https:\/\/zarkaskate.com\/en\/#\/schema\/logo\/image\/\",\"url\":\"https:\/\/zarkaskate.com\/wp-content\/uploads\/2025\/09\/zarka-blanco-scaled.png\",\"contentUrl\":\"https:\/\/zarkaskate.com\/wp-content\/uploads\/2025\/09\/zarka-blanco-scaled.png\",\"width\":2560,\"height\":1679,\"caption\":\"Zarka\"},\"image\":{\"@id\":\"https:\/\/zarkaskate.com\/en\/#\/schema\/logo\/image\/\"},\"sameAs\":[\"https:\/\/www.instagram.com\/zarka.skateboards\/\"]}]}<\/script>\n<!-- \/ Yoast SEO plugin. -->","yoast_head_json":{"title":"Cookies policy - Zarka","robots":{"index":"index","follow":"follow","max-snippet":"max-snippet:-1","max-image-preview":"max-image-preview:large","max-video-preview":"max-video-preview:-1"},"canonical":"https:\/\/zarkaskate.com\/en\/cookies-policy\/","og_locale":"en_US","og_type":"article","og_title":"Cookies policy - Zarka","og_description":"\u00bfQU\u00c9 SON LAS COOKIES? Una cookie es un fichero que se descarga en su ordenador al acceder a determinadas p\u00e1ginas web. Las cookies permiten a una p\u00e1gina web, entre otras cosas, almacenar y recuperar informaci\u00f3n sobre los h\u00e1bitos de navegaci\u00f3n de un usuario o de su equipo y, dependiendo de la informaci\u00f3n que contengan y...","og_url":"https:\/\/zarkaskate.com\/en\/cookies-policy\/","og_site_name":"Zarka","article_modified_time":"2025-10-19T21:50:34+00:00","twitter_card":"summary_large_image","twitter_misc":{"Est. reading time":"5 minutes"},"schema":{"@context":"https:\/\/schema.org","@graph":[{"@type":"WebPage","@id":"https:\/\/zarkaskate.com\/en\/cookies-policy\/","url":"https:\/\/zarkaskate.com\/en\/cookies-policy\/","name":"Cookies policy - Zarka","isPartOf":{"@id":"https:\/\/zarkaskate.com\/en\/#website"},"datePublished":"2025-09-27T15:05:58+00:00","dateModified":"2025-10-19T21:50:34+00:00","breadcrumb":{"@id":"https:\/\/zarkaskate.com\/en\/cookies-policy\/#breadcrumb"},"inLanguage":"en-US","potentialAction":[{"@type":"ReadAction","target":["https:\/\/zarkaskate.com\/en\/cookies-policy\/"]}]},{"@type":"BreadcrumbList","@id":"https:\/\/zarkaskate.com\/en\/cookies-policy\/#breadcrumb","itemListElement":[{"@type":"ListItem","position":1,"name":"Portada","item":"https:\/\/zarkaskate.com\/en\/"},{"@type":"ListItem","position":2,"name":"Cookies policy"}]},{"@type":"WebSite","@id":"https:\/\/zarkaskate.com\/en\/#website","url":"https:\/\/zarkaskate.com\/en\/","name":"Zarka","description":"Cultura Skate","publisher":{"@id":"https:\/\/zarkaskate.com\/en\/#organization"},"potentialAction":[{"@type":"SearchAction","target":{"@type":"EntryPoint","urlTemplate":"https:\/\/zarkaskate.com\/en\/?s={search_term_string}"},"query-input":{"@type":"PropertyValueSpecification","valueRequired":true,"valueName":"search_term_string"}}],"inLanguage":"en-US"},{"@type":"Organization","@id":"https:\/\/zarkaskate.com\/en\/#organization","name":"Zarka","url":"https:\/\/zarkaskate.com\/en\/","logo":{"@type":"ImageObject","inLanguage":"en-US","@id":"https:\/\/zarkaskate.com\/en\/#\/schema\/logo\/image\/","url":"https:\/\/zarkaskate.com\/wp-content\/uploads\/2025\/09\/zarka-blanco-scaled.png","contentUrl":"https:\/\/zarkaskate.com\/wp-content\/uploads\/2025\/09\/zarka-blanco-scaled.png","width":2560,"height":1679,"caption":"Zarka"},"image":{"@id":"https:\/\/zarkaskate.com\/en\/#\/schema\/logo\/image\/"},"sameAs":["https:\/\/www.instagram.com\/zarka.skateboards\/"]}]}},"_links":{"self":[{"href":"https:\/\/zarkaskate.com\/en\/wp-json\/wp\/v2\/pages\/2840","targetHints":{"allow":["GET"]}}],"collection":[{"href":"https:\/\/zarkaskate.com\/en\/wp-json\/wp\/v2\/pages"}],"about":[{"href":"https:\/\/zarkaskate.com\/en\/wp-json\/wp\/v2\/types\/page"}],"author":[{"embeddable":true,"href":"https:\/\/zarkaskate.com\/en\/wp-json\/wp\/v2\/users\/1"}],"replies":[{"embeddable":true,"href":"https:\/\/zarkaskate.com\/en\/wp-json\/wp\/v2\/comments?post=2840"}],"version-history":[{"count":1,"href":"https:\/\/zarkaskate.com\/en\/wp-json\/wp\/v2\/pages\/2840\/revisions"}],"predecessor-version":[{"id":2841,"href":"https:\/\/zarkaskate.com\/en\/wp-json\/wp\/v2\/pages\/2840\/revisions\/2841"}],"wp:attachment":[{"href":"https:\/\/zarkaskate.com\/en\/wp-json\/wp\/v2\/media?parent=2840"}],"curies":[{"name":"wp","href":"https:\/\/api.w.org\/{rel}","templated":true}]}}