{"id":2838,"date":"2025-09-17T22:51:58","date_gmt":"2025-09-17T20:51:58","guid":{"rendered":"https:\/\/zarkaskate.com\/privacy-policy\/"},"modified":"2025-10-19T23:47:06","modified_gmt":"2025-10-19T21:47:06","slug":"privacy-policy","status":"publish","type":"page","link":"https:\/\/zarkaskate.com\/en\/privacy-policy\/","title":{"rendered":"Privacy Policy"},"content":{"rendered":"\n<h2 class=\"wp-block-heading\">RESPONSABLE DEL TRATAMIENTO<\/h2>\n\n<p>Titular: Zarka Skateboards<br\/>Domicilio: Barcelona, Espa\u00f1a<br\/>Correo electr\u00f3nico: <a href=\"mailto:info@zarkaskate.com\">info@zarkaskate.com<\/a><\/p>\n\n<h2 class=\"wp-block-heading\">FINALIDAD DEL TRATAMIENTO<\/h2>\n\n<p>En Zarka tratamos la informaci\u00f3n que nos facilitan las personas interesadas con las siguientes finalidades:<\/p>\n\n<ul class=\"wp-block-list\">\n<li>Gestionar pedidos o contratar alguno de nuestros servicios, ya sea online o en las tiendas f\u00edsicas.<\/li>\n\n\n\n<li>Gestionar el env\u00edo de la informaci\u00f3n que nos soliciten.<\/li>\n\n\n\n<li>Desarrollar acciones comerciales y realizar el mantenimiento y gesti\u00f3n de la relaci\u00f3n con el usuario, as\u00ed como la gesti\u00f3n de los servicios ofrecidos a trav\u00e9s del sitio web y las labores de informaci\u00f3n.<\/li>\n\n\n\n<li>Desarrollar y gestionar los concursos, sorteos u otras actividades promocionales que se puedan organizar.<\/li>\n<\/ul>\n\n<p>En algunos casos ser\u00e1 necesario facilitar informaci\u00f3n a las autoridades o terceras empresas por motivos de auditor\u00eda, as\u00ed como manejar datos personales de facturaci\u00f3n, tarjetas de cr\u00e9dito, etc.<\/p>\n\n<h2 class=\"wp-block-heading\">PER\u00cdODO DE CONSERVACI\u00d3N DE LOS DATOS<\/h2>\n\n<p>Los datos personales proporcionados se conservar\u00e1n:<\/p>\n\n<ul class=\"wp-block-list\">\n<li>Mientras se mantenga la relaci\u00f3n mercantil.<\/li>\n\n\n\n<li>No se solicite su supresi\u00f3n por el interesado.<\/li>\n\n\n\n<li>La informaci\u00f3n que por imperativo legal deba conservarse un tiempo espec\u00edfico no se eliminar\u00e1 hasta que transcurra el tiempo indicado en la ley.<\/li>\n<\/ul>\n\n<h2 class=\"wp-block-heading\">LEGITIMACI\u00d3N DEL TRATAMIENTO<\/h2>\n\n<p>La base legal para el tratamiento de los datos es la ejecuci\u00f3n del contrato de compraventa o de prestaci\u00f3n de servicios, as\u00ed como el consentimiento del interesado. La oferta de productos y servicios est\u00e1 basada en el consentimiento que se le solicita, sin que en ning\u00fan caso la retirada de este consentimiento condicione la ejecuci\u00f3n del contrato.<\/p>\n\n<h2 class=\"wp-block-heading\">DESTINATARIOS<\/h2>\n\n<p>Durante el periodo de duraci\u00f3n del tratamiento, Zarka Skateboards no realizar\u00e1 ninguna cesi\u00f3n, salvo obligaci\u00f3n legal, ni tampoco transferencia alguna.<\/p>\n\n<p>Los datos podr\u00e1n ser cedidos a:<\/p>\n\n<ul class=\"wp-block-list\">\n<li>Empresas de log\u00edstica y transporte para la entrega de los productos adquiridos.<\/li>\n\n\n\n<li>Entidades financieras para la gesti\u00f3n de cobros y pagos.<\/li>\n\n\n\n<li>Administraciones P\u00fablicas en los casos previstos por la Ley.<\/li>\n<\/ul>\n\n<h2 class=\"wp-block-heading\">DERECHOS DE LAS PERSONAS INTERESADAS<\/h2>\n\n<p>Como usuario-interesado, puede solicitar el ejercicio de los siguientes derechos ante Zarka Skateboards presentando un escrito a la direcci\u00f3n postal del encabezamiento o enviando un email a <a href=\"mailto:info@zarkaskate.com\">info@zarkaskate.com<\/a>:<\/p>\n\n<ul class=\"wp-block-list\">\n<li><strong>Derecho de acceso:<\/strong> Puede consultar qu\u00e9 datos personales tenemos sobre usted.<\/li>\n\n\n\n<li><strong>Derecho de rectificaci\u00f3n:<\/strong> Puede modificar sus datos personales cuando sean inexactos.<\/li>\n\n\n\n<li><strong>Derecho de supresi\u00f3n:<\/strong> Puede solicitar la eliminaci\u00f3n de sus datos personales.<\/li>\n\n\n\n<li><strong>Derecho de oposici\u00f3n:<\/strong> Puede solicitar que no se traten sus datos personales.<\/li>\n\n\n\n<li><strong>Derecho de limitaci\u00f3n del tratamiento:<\/strong> Puede solicitar la limitaci\u00f3n del tratamiento de sus datos a las operaciones estrictamente necesarias.<\/li>\n\n\n\n<li><strong>Derecho de portabilidad:<\/strong> Puede solicitar que le entreguemos en un formato estructurado, de uso com\u00fan y lectura mec\u00e1nica los datos personales que nos haya facilitado o que transmitamos los mismos a otro responsable.<\/li>\n<\/ul>\n\n<p>Tiene derecho a retirar el consentimiento prestado en cualquier momento. La retirada del consentimiento no afectar\u00e1 a la licitud del tratamiento efectuado antes de la retirada del consentimiento.<\/p>\n\n<p>Tambi\u00e9n tiene derecho a presentar una reclamaci\u00f3n ante la autoridad de control si considera que pueden haberse vulnerado sus derechos en relaci\u00f3n a la protecci\u00f3n de sus datos (www.aepd.es).<\/p>\n\n<h2 class=\"wp-block-heading\">PROCEDENCIA DE LOS DATOS<\/h2>\n\n<p>Los datos personales que tratamos en Zarka proceden directamente de usted:<\/p>\n\n<ul class=\"wp-block-list\">\n<li>Los datos de clientes proceden de los formularios de contacto, registro o compra que usted mismo ha rellenado.<\/li>\n\n\n\n<li>Las categor\u00edas de datos que se tratan son:\n<ul class=\"wp-block-list\">\n<li>Datos de identificaci\u00f3n (nombre, apellidos, DNI, direcci\u00f3n, email)<\/li>\n\n\n\n<li>Datos bancarios<\/li>\n\n\n\n<li>Direcci\u00f3n postal<\/li>\n<\/ul>\n<\/li>\n<\/ul>\n\n<h2 class=\"wp-block-heading\">INFORMACI\u00d3N ADICIONAL<\/h2>\n\n<p>Tambi\u00e9n puede consultar la informaci\u00f3n adicional y detallada sobre Protecci\u00f3n de Datos en nuestra p\u00e1gina web: zarkaskate.com<\/p>\n\n<p>\u00a9 2025 Zarka &#8211; Todos los derechos reservados<\/p>\n","protected":false},"excerpt":{"rendered":"<p>RESPONSABLE DEL TRATAMIENTO Titular: Zarka SkateboardsDomicilio: Barcelona, Espa\u00f1aCorreo electr\u00f3nico: info@zarkaskate.com FINALIDAD DEL TRATAMIENTO En Zarka tratamos la informaci\u00f3n que nos facilitan las personas interesadas con las siguientes finalidades: En algunos casos ser\u00e1 necesario facilitar informaci\u00f3n a las autoridades o terceras empresas por motivos de auditor\u00eda, as\u00ed como manejar datos personales de facturaci\u00f3n, tarjetas de cr\u00e9dito,&#8230;<\/p>\n","protected":false},"author":1,"featured_media":0,"parent":0,"menu_order":0,"comment_status":"closed","ping_status":"open","template":"","meta":{"_kad_post_transparent":"","_kad_post_title":"","_kad_post_layout":"","_kad_post_sidebar_id":"","_kad_post_content_style":"","_kad_post_vertical_padding":"","_kad_post_feature":"","_kad_post_feature_position":"","_kad_post_header":false,"_kad_post_footer":false,"footnotes":""},"class_list":["post-2838","page","type-page","status-publish","hentry"],"yoast_head":"<!-- This site is optimized with the Yoast SEO plugin v26.0 - https:\/\/yoast.com\/wordpress\/plugins\/seo\/ -->\n<title>Privacy Policy - Zarka<\/title>\n<meta name=\"robots\" content=\"index, follow, max-snippet:-1, max-image-preview:large, max-video-preview:-1\" \/>\n<link rel=\"canonical\" href=\"https:\/\/zarkaskate.com\/en\/privacy-policy\/\" \/>\n<meta property=\"og:locale\" content=\"en_US\" \/>\n<meta property=\"og:type\" content=\"article\" \/>\n<meta property=\"og:title\" content=\"Privacy Policy - Zarka\" \/>\n<meta property=\"og:description\" content=\"RESPONSABLE DEL TRATAMIENTO Titular: Zarka SkateboardsDomicilio: Barcelona, Espa\u00f1aCorreo electr\u00f3nico: info@zarkaskate.com FINALIDAD DEL TRATAMIENTO En Zarka tratamos la informaci\u00f3n que nos facilitan las personas interesadas con las siguientes finalidades: En algunos casos ser\u00e1 necesario facilitar informaci\u00f3n a las autoridades o terceras empresas por motivos de auditor\u00eda, as\u00ed como manejar datos personales de facturaci\u00f3n, tarjetas de cr\u00e9dito,...\" \/>\n<meta property=\"og:url\" content=\"https:\/\/zarkaskate.com\/en\/privacy-policy\/\" \/>\n<meta property=\"og:site_name\" content=\"Zarka\" \/>\n<meta property=\"article:modified_time\" content=\"2025-10-19T21:47:06+00:00\" \/>\n<meta name=\"twitter:card\" content=\"summary_large_image\" \/>\n<meta name=\"twitter:label1\" content=\"Est. reading time\" \/>\n\t<meta name=\"twitter:data1\" content=\"3 minutes\" \/>\n<script type=\"application\/ld+json\" class=\"yoast-schema-graph\">{\"@context\":\"https:\/\/schema.org\",\"@graph\":[{\"@type\":\"WebPage\",\"@id\":\"https:\/\/zarkaskate.com\/en\/privacy-policy\/\",\"url\":\"https:\/\/zarkaskate.com\/en\/privacy-policy\/\",\"name\":\"Privacy Policy - Zarka\",\"isPartOf\":{\"@id\":\"https:\/\/zarkaskate.com\/en\/#website\"},\"datePublished\":\"2025-09-17T20:51:58+00:00\",\"dateModified\":\"2025-10-19T21:47:06+00:00\",\"breadcrumb\":{\"@id\":\"https:\/\/zarkaskate.com\/en\/privacy-policy\/#breadcrumb\"},\"inLanguage\":\"en-US\",\"potentialAction\":[{\"@type\":\"ReadAction\",\"target\":[\"https:\/\/zarkaskate.com\/en\/privacy-policy\/\"]}]},{\"@type\":\"BreadcrumbList\",\"@id\":\"https:\/\/zarkaskate.com\/en\/privacy-policy\/#breadcrumb\",\"itemListElement\":[{\"@type\":\"ListItem\",\"position\":1,\"name\":\"Portada\",\"item\":\"https:\/\/zarkaskate.com\/en\/\"},{\"@type\":\"ListItem\",\"position\":2,\"name\":\"Privacy Policy\"}]},{\"@type\":\"WebSite\",\"@id\":\"https:\/\/zarkaskate.com\/en\/#website\",\"url\":\"https:\/\/zarkaskate.com\/en\/\",\"name\":\"Zarka\",\"description\":\"Cultura Skate\",\"publisher\":{\"@id\":\"https:\/\/zarkaskate.com\/en\/#organization\"},\"potentialAction\":[{\"@type\":\"SearchAction\",\"target\":{\"@type\":\"EntryPoint\",\"urlTemplate\":\"https:\/\/zarkaskate.com\/en\/?s={search_term_string}\"},\"query-input\":{\"@type\":\"PropertyValueSpecification\",\"valueRequired\":true,\"valueName\":\"search_term_string\"}}],\"inLanguage\":\"en-US\"},{\"@type\":\"Organization\",\"@id\":\"https:\/\/zarkaskate.com\/en\/#organization\",\"name\":\"Zarka\",\"url\":\"https:\/\/zarkaskate.com\/en\/\",\"logo\":{\"@type\":\"ImageObject\",\"inLanguage\":\"en-US\",\"@id\":\"https:\/\/zarkaskate.com\/en\/#\/schema\/logo\/image\/\",\"url\":\"https:\/\/zarkaskate.com\/wp-content\/uploads\/2025\/09\/zarka-blanco-scaled.png\",\"contentUrl\":\"https:\/\/zarkaskate.com\/wp-content\/uploads\/2025\/09\/zarka-blanco-scaled.png\",\"width\":2560,\"height\":1679,\"caption\":\"Zarka\"},\"image\":{\"@id\":\"https:\/\/zarkaskate.com\/en\/#\/schema\/logo\/image\/\"},\"sameAs\":[\"https:\/\/www.instagram.com\/zarka.skateboards\/\"]}]}<\/script>\n<!-- \/ Yoast SEO plugin. -->","yoast_head_json":{"title":"Privacy Policy - Zarka","robots":{"index":"index","follow":"follow","max-snippet":"max-snippet:-1","max-image-preview":"max-image-preview:large","max-video-preview":"max-video-preview:-1"},"canonical":"https:\/\/zarkaskate.com\/en\/privacy-policy\/","og_locale":"en_US","og_type":"article","og_title":"Privacy Policy - Zarka","og_description":"RESPONSABLE DEL TRATAMIENTO Titular: Zarka SkateboardsDomicilio: Barcelona, Espa\u00f1aCorreo electr\u00f3nico: info@zarkaskate.com FINALIDAD DEL TRATAMIENTO En Zarka tratamos la informaci\u00f3n que nos facilitan las personas interesadas con las siguientes finalidades: En algunos casos ser\u00e1 necesario facilitar informaci\u00f3n a las autoridades o terceras empresas por motivos de auditor\u00eda, as\u00ed como manejar datos personales de facturaci\u00f3n, tarjetas de cr\u00e9dito,...","og_url":"https:\/\/zarkaskate.com\/en\/privacy-policy\/","og_site_name":"Zarka","article_modified_time":"2025-10-19T21:47:06+00:00","twitter_card":"summary_large_image","twitter_misc":{"Est. reading time":"3 minutes"},"schema":{"@context":"https:\/\/schema.org","@graph":[{"@type":"WebPage","@id":"https:\/\/zarkaskate.com\/en\/privacy-policy\/","url":"https:\/\/zarkaskate.com\/en\/privacy-policy\/","name":"Privacy Policy - Zarka","isPartOf":{"@id":"https:\/\/zarkaskate.com\/en\/#website"},"datePublished":"2025-09-17T20:51:58+00:00","dateModified":"2025-10-19T21:47:06+00:00","breadcrumb":{"@id":"https:\/\/zarkaskate.com\/en\/privacy-policy\/#breadcrumb"},"inLanguage":"en-US","potentialAction":[{"@type":"ReadAction","target":["https:\/\/zarkaskate.com\/en\/privacy-policy\/"]}]},{"@type":"BreadcrumbList","@id":"https:\/\/zarkaskate.com\/en\/privacy-policy\/#breadcrumb","itemListElement":[{"@type":"ListItem","position":1,"name":"Portada","item":"https:\/\/zarkaskate.com\/en\/"},{"@type":"ListItem","position":2,"name":"Privacy Policy"}]},{"@type":"WebSite","@id":"https:\/\/zarkaskate.com\/en\/#website","url":"https:\/\/zarkaskate.com\/en\/","name":"Zarka","description":"Cultura Skate","publisher":{"@id":"https:\/\/zarkaskate.com\/en\/#organization"},"potentialAction":[{"@type":"SearchAction","target":{"@type":"EntryPoint","urlTemplate":"https:\/\/zarkaskate.com\/en\/?s={search_term_string}"},"query-input":{"@type":"PropertyValueSpecification","valueRequired":true,"valueName":"search_term_string"}}],"inLanguage":"en-US"},{"@type":"Organization","@id":"https:\/\/zarkaskate.com\/en\/#organization","name":"Zarka","url":"https:\/\/zarkaskate.com\/en\/","logo":{"@type":"ImageObject","inLanguage":"en-US","@id":"https:\/\/zarkaskate.com\/en\/#\/schema\/logo\/image\/","url":"https:\/\/zarkaskate.com\/wp-content\/uploads\/2025\/09\/zarka-blanco-scaled.png","contentUrl":"https:\/\/zarkaskate.com\/wp-content\/uploads\/2025\/09\/zarka-blanco-scaled.png","width":2560,"height":1679,"caption":"Zarka"},"image":{"@id":"https:\/\/zarkaskate.com\/en\/#\/schema\/logo\/image\/"},"sameAs":["https:\/\/www.instagram.com\/zarka.skateboards\/"]}]}},"_links":{"self":[{"href":"https:\/\/zarkaskate.com\/en\/wp-json\/wp\/v2\/pages\/2838","targetHints":{"allow":["GET"]}}],"collection":[{"href":"https:\/\/zarkaskate.com\/en\/wp-json\/wp\/v2\/pages"}],"about":[{"href":"https:\/\/zarkaskate.com\/en\/wp-json\/wp\/v2\/types\/page"}],"author":[{"embeddable":true,"href":"https:\/\/zarkaskate.com\/en\/wp-json\/wp\/v2\/users\/1"}],"replies":[{"embeddable":true,"href":"https:\/\/zarkaskate.com\/en\/wp-json\/wp\/v2\/comments?post=2838"}],"version-history":[{"count":1,"href":"https:\/\/zarkaskate.com\/en\/wp-json\/wp\/v2\/pages\/2838\/revisions"}],"predecessor-version":[{"id":2839,"href":"https:\/\/zarkaskate.com\/en\/wp-json\/wp\/v2\/pages\/2838\/revisions\/2839"}],"wp:attachment":[{"href":"https:\/\/zarkaskate.com\/en\/wp-json\/wp\/v2\/media?parent=2838"}],"curies":[{"name":"wp","href":"https:\/\/api.w.org\/{rel}","templated":true}]}}