{"id":2834,"date":"2025-09-27T15:35:34","date_gmt":"2025-09-27T13:35:34","guid":{"rendered":"https:\/\/zarkaskate.com\/aviso-legal\/"},"modified":"2025-10-19T23:45:20","modified_gmt":"2025-10-19T21:45:20","slug":"aviso-legal","status":"publish","type":"page","link":"https:\/\/zarkaskate.com\/en\/aviso-legal\/","title":{"rendered":"Legal Notice"},"content":{"rendered":"\n<h2 class=\"wp-block-heading\">INFORMACI\u00d3N GENERAL<\/h2>\n\n<p>En cumplimiento con el deber de informaci\u00f3n dispuesto en la Ley 34\/2002 de Servicios de la Sociedad de la Informaci\u00f3n y el Comercio Electr\u00f3nico (LSSI-CE) de 11 de julio, se facilitan a continuaci\u00f3n los siguientes datos de informaci\u00f3n general de este sitio web:<\/p>\n\n<p>La titularidad de este sitio web, <strong>zarkaskate.com<\/strong>, (en adelante, Sitio Web) la ostenta: Zarka Skateboards, y cuyos datos de contacto son:<\/p>\n\n<p>Domicilio: Barcelona, Espa\u00f1a.<br\/>Email de contacto: <a href=\"mailto:info@zarkaskate.com\">info@zarkaskate.com<\/a><\/p>\n\n<h2 class=\"wp-block-heading\">T\u00c9RMINOS Y CONDICIONES GENERALES DE USO<\/h2>\n\n<h3 class=\"wp-block-heading\">El objeto de las condiciones: El Sitio Web<\/h3>\n\n<p>El objeto de las presentes Condiciones Generales de Uso (en adelante, Condiciones) es regular el acceso y la utilizaci\u00f3n del Sitio Web. A los efectos de las presentes Condiciones se entender\u00e1 como Sitio Web: la apariencia externa de los interfaces de pantalla, tanto de forma est\u00e1tica como de forma din\u00e1mica, y todos los elementos integrados tanto en los interfaces de pantalla como en el c\u00f3digo fuente, incluyendo, a t\u00edtulo enunciativo y no limitativo, la informaci\u00f3n, textos, im\u00e1genes, fotograf\u00edas, dibujos, gr\u00e1ficos, bases de datos, programas inform\u00e1ticos, v\u00eddeos, sonidos, as\u00ed como la estructura, selecci\u00f3n y orden de sus contenidos, y c\u00f3digo fuente de la p\u00e1gina web.<\/p>\n\n<p>El Titular se reserva el derecho a modificar, en cualquier momento y sin previo aviso, la presentaci\u00f3n y configuraci\u00f3n del Sitio Web y de los contenidos e informaci\u00f3n que en \u00e9l pudieran estar incluidos.<\/p>\n\n<h3 class=\"wp-block-heading\">Usuario<\/h3>\n\n<p>El acceso, la navegaci\u00f3n y uso del Sitio Web, confiere la condici\u00f3n de usuario (en adelante referido, indistintamente, individualmente como Usuario o conjuntamente como Usuarios), por lo que se aceptan, desde que se inicia la navegaci\u00f3n por el Sitio Web, todas las Condiciones aqu\u00ed establecidas, as\u00ed como sus ulteriores modificaciones, sin perjuicio de la aplicaci\u00f3n de la correspondiente normativa legal de obligado cumplimiento seg\u00fan el caso.<\/p>\n\n<p>El Usuario asume su responsabilidad de un uso correcto del Sitio Web. Esta responsabilidad se extender\u00e1 a:<\/p>\n\n<ul class=\"wp-block-list\">\n<li>Hacer uso de este Sitio Web \u00fanicamente para realizar consultas y compras legalmente v\u00e1lidas.<\/li>\n\n\n\n<li>No realizar ninguna compra falsa o fraudulenta. Si razonablemente se pudiera considerar que se ha hecho una compra de esta \u00edndole, podr\u00eda ser anulada y se informar\u00eda a las autoridades pertinentes.<\/li>\n\n\n\n<li>Facilitar datos de contacto veraces y l\u00edcitos, por ejemplo, direcci\u00f3n de correo electr\u00f3nico, direcci\u00f3n postal y\/u otros datos.<\/li>\n<\/ul>\n\n<p>El Usuario se compromete a no utilizar el Sitio Web y los contenidos que en \u00e9l se incluyen para desarrollar actividades contrarias a las leyes, a la moral, al orden p\u00fablico y, en general, a hacer un uso conforme a las presentes Condiciones Generales.<\/p>\n\n<h3 class=\"wp-block-heading\">Menores de edad<\/h3>\n\n<p>Para el uso de los servicios, los menores de edad deben obtener siempre previamente el consentimiento de los padres, tutores o representantes legales, responsables \u00faltimos de todos los actos realizados por los menores a su cargo. La responsabilidad en la determinaci\u00f3n de contenidos concretos a los cuales acceden los menores corresponde a aquellos, es por eso que, si acceden a contenidos no apropiados por Internet, se tendr\u00e1n que establecer en sus ordenadores mecanismos, en particular programas inform\u00e1ticos, filtros y bloqueos, que permitan limitar los contenidos disponibles y, a pesar de que no sean infalibles, son de especial utilidad para controlar y restringir los materiales a los que pueden acceder los menores.<\/p>\n\n<h3 class=\"wp-block-heading\">Propiedad intelectual e industrial<\/h3>\n\n<p>Todos los derechos de Propiedad Industrial e Intelectual de la totalidad de elementos contenidos en este Sitio Web, incluidas las marcas comerciales, formatos, dise\u00f1os gr\u00e1ficos, textos, im\u00e1genes y documentos, pertenecen a Zarka Skateboards y est\u00e1n protegidos por las leyes espa\u00f1olas e internacionales sobre propiedad Intelectual e Industrial. Queda expresamente prohibida la reproducci\u00f3n total o parcial de este Sitio Web y de cualquiera de sus contenidos sin el permiso expreso y por escrito del Titular.<\/p>\n\n<p>El acceso al Sitio Web no implica ning\u00fan tipo de renuncia, transmisi\u00f3n, licencia o cesi\u00f3n de dichos derechos por parte del Titular, salvo que se establezca expresamente lo contrario.<\/p>\n\n<h3 class=\"wp-block-heading\">Enlaces a terceros<\/h3>\n\n<p>El Sitio Web puede incluir enlaces a sitios web o p\u00e1ginas de terceros. Las p\u00e1ginas pertenecientes a terceros no han sido revisadas ni son objeto de controles por parte del Titular. El Titular no puede ser considerado responsable del contenido de cualquier p\u00e1gina web ajena, ni de ning\u00fan enlace contenido en una p\u00e1gina web ajena, ni de ning\u00fan cambio o actualizaci\u00f3n de tales p\u00e1ginas.<\/p>\n\n<h3 class=\"wp-block-heading\">Responsabilidades<\/h3>\n\n<p>El Titular no garantiza el acceso continuado, ni la correcta visualizaci\u00f3n, descarga o utilidad de los elementos e informaci\u00f3n contenidos en las p\u00e1ginas del Sitio Web, que pueden verse impedidos, dificultados o interrumpidos por factores o circunstancias fuera de su control o ajenas a su voluntad.<\/p>\n\n<p>El Titular no se hace responsable de las decisiones que pudieran adoptarse como consecuencia del acceso a los contenidos o informaciones ofrecidas a trav\u00e9s del Sitio Web.<\/p>\n\n<h3 class=\"wp-block-heading\">Jurisdicci\u00f3n<\/h3>\n\n<p>Para cuantas cuestiones se susciten sobre la interpretaci\u00f3n, aplicaci\u00f3n y cumplimiento de este Aviso Legal, as\u00ed como de las reclamaciones que puedan derivarse de su uso, todos las partes intervinientes se someten a los Jueces y Tribunales de Barcelona, renunciando de forma expresa a cualquier otro fuero que pudiera corresponderles.<\/p>\n\n<h3 class=\"wp-block-heading\">Legislaci\u00f3n aplicable<\/h3>\n\n<p>El Aviso Legal se rige por la ley espa\u00f1ola.<\/p>\n\n<p>\u00a9 2025 Zarka &#8211; Todos los derechos reservados<\/p>\n","protected":false},"excerpt":{"rendered":"<p>INFORMACI\u00d3N GENERAL En cumplimiento con el deber de informaci\u00f3n dispuesto en la Ley 34\/2002 de Servicios de la Sociedad de la Informaci\u00f3n y el Comercio Electr\u00f3nico (LSSI-CE) de 11 de julio, se facilitan a continuaci\u00f3n los siguientes datos de informaci\u00f3n general de este sitio web: La titularidad de este sitio web, zarkaskate.com, (en adelante, Sitio&#8230;<\/p>\n","protected":false},"author":1,"featured_media":0,"parent":0,"menu_order":0,"comment_status":"closed","ping_status":"closed","template":"","meta":{"_kad_post_transparent":"","_kad_post_title":"","_kad_post_layout":"","_kad_post_sidebar_id":"","_kad_post_content_style":"","_kad_post_vertical_padding":"","_kad_post_feature":"","_kad_post_feature_position":"","_kad_post_header":false,"_kad_post_footer":false,"footnotes":""},"class_list":["post-2834","page","type-page","status-publish","hentry"],"yoast_head":"<!-- This site is optimized with the Yoast SEO plugin v26.0 - https:\/\/yoast.com\/wordpress\/plugins\/seo\/ -->\n<title>Legal Notice - Zarka<\/title>\n<meta name=\"robots\" content=\"index, follow, max-snippet:-1, max-image-preview:large, max-video-preview:-1\" \/>\n<link rel=\"canonical\" href=\"https:\/\/zarkaskate.com\/en\/aviso-legal\/\" \/>\n<meta property=\"og:locale\" content=\"en_US\" \/>\n<meta property=\"og:type\" content=\"article\" \/>\n<meta property=\"og:title\" content=\"Legal Notice - Zarka\" \/>\n<meta property=\"og:description\" content=\"INFORMACI\u00d3N GENERAL En cumplimiento con el deber de informaci\u00f3n dispuesto en la Ley 34\/2002 de Servicios de la Sociedad de la Informaci\u00f3n y el Comercio Electr\u00f3nico (LSSI-CE) de 11 de julio, se facilitan a continuaci\u00f3n los siguientes datos de informaci\u00f3n general de este sitio web: La titularidad de este sitio web, zarkaskate.com, (en adelante, Sitio...\" \/>\n<meta property=\"og:url\" content=\"https:\/\/zarkaskate.com\/en\/aviso-legal\/\" \/>\n<meta property=\"og:site_name\" content=\"Zarka\" \/>\n<meta property=\"article:modified_time\" content=\"2025-10-19T21:45:20+00:00\" \/>\n<meta name=\"twitter:card\" content=\"summary_large_image\" \/>\n<meta name=\"twitter:label1\" content=\"Est. reading time\" \/>\n\t<meta name=\"twitter:data1\" content=\"5 minutes\" \/>\n<script type=\"application\/ld+json\" class=\"yoast-schema-graph\">{\"@context\":\"https:\/\/schema.org\",\"@graph\":[{\"@type\":\"WebPage\",\"@id\":\"https:\/\/zarkaskate.com\/en\/aviso-legal\/\",\"url\":\"https:\/\/zarkaskate.com\/en\/aviso-legal\/\",\"name\":\"Legal Notice - Zarka\",\"isPartOf\":{\"@id\":\"https:\/\/zarkaskate.com\/en\/#website\"},\"datePublished\":\"2025-09-27T13:35:34+00:00\",\"dateModified\":\"2025-10-19T21:45:20+00:00\",\"breadcrumb\":{\"@id\":\"https:\/\/zarkaskate.com\/en\/aviso-legal\/#breadcrumb\"},\"inLanguage\":\"en-US\",\"potentialAction\":[{\"@type\":\"ReadAction\",\"target\":[\"https:\/\/zarkaskate.com\/en\/aviso-legal\/\"]}]},{\"@type\":\"BreadcrumbList\",\"@id\":\"https:\/\/zarkaskate.com\/en\/aviso-legal\/#breadcrumb\",\"itemListElement\":[{\"@type\":\"ListItem\",\"position\":1,\"name\":\"Portada\",\"item\":\"https:\/\/zarkaskate.com\/en\/\"},{\"@type\":\"ListItem\",\"position\":2,\"name\":\"Legal Notice\"}]},{\"@type\":\"WebSite\",\"@id\":\"https:\/\/zarkaskate.com\/en\/#website\",\"url\":\"https:\/\/zarkaskate.com\/en\/\",\"name\":\"Zarka\",\"description\":\"Cultura Skate\",\"publisher\":{\"@id\":\"https:\/\/zarkaskate.com\/en\/#organization\"},\"potentialAction\":[{\"@type\":\"SearchAction\",\"target\":{\"@type\":\"EntryPoint\",\"urlTemplate\":\"https:\/\/zarkaskate.com\/en\/?s={search_term_string}\"},\"query-input\":{\"@type\":\"PropertyValueSpecification\",\"valueRequired\":true,\"valueName\":\"search_term_string\"}}],\"inLanguage\":\"en-US\"},{\"@type\":\"Organization\",\"@id\":\"https:\/\/zarkaskate.com\/en\/#organization\",\"name\":\"Zarka\",\"url\":\"https:\/\/zarkaskate.com\/en\/\",\"logo\":{\"@type\":\"ImageObject\",\"inLanguage\":\"en-US\",\"@id\":\"https:\/\/zarkaskate.com\/en\/#\/schema\/logo\/image\/\",\"url\":\"https:\/\/zarkaskate.com\/wp-content\/uploads\/2025\/09\/zarka-blanco-scaled.png\",\"contentUrl\":\"https:\/\/zarkaskate.com\/wp-content\/uploads\/2025\/09\/zarka-blanco-scaled.png\",\"width\":2560,\"height\":1679,\"caption\":\"Zarka\"},\"image\":{\"@id\":\"https:\/\/zarkaskate.com\/en\/#\/schema\/logo\/image\/\"},\"sameAs\":[\"https:\/\/www.instagram.com\/zarka.skateboards\/\"]}]}<\/script>\n<!-- \/ Yoast SEO plugin. -->","yoast_head_json":{"title":"Legal Notice - Zarka","robots":{"index":"index","follow":"follow","max-snippet":"max-snippet:-1","max-image-preview":"max-image-preview:large","max-video-preview":"max-video-preview:-1"},"canonical":"https:\/\/zarkaskate.com\/en\/aviso-legal\/","og_locale":"en_US","og_type":"article","og_title":"Legal Notice - Zarka","og_description":"INFORMACI\u00d3N GENERAL En cumplimiento con el deber de informaci\u00f3n dispuesto en la Ley 34\/2002 de Servicios de la Sociedad de la Informaci\u00f3n y el Comercio Electr\u00f3nico (LSSI-CE) de 11 de julio, se facilitan a continuaci\u00f3n los siguientes datos de informaci\u00f3n general de este sitio web: La titularidad de este sitio web, zarkaskate.com, (en adelante, Sitio...","og_url":"https:\/\/zarkaskate.com\/en\/aviso-legal\/","og_site_name":"Zarka","article_modified_time":"2025-10-19T21:45:20+00:00","twitter_card":"summary_large_image","twitter_misc":{"Est. reading time":"5 minutes"},"schema":{"@context":"https:\/\/schema.org","@graph":[{"@type":"WebPage","@id":"https:\/\/zarkaskate.com\/en\/aviso-legal\/","url":"https:\/\/zarkaskate.com\/en\/aviso-legal\/","name":"Legal Notice - Zarka","isPartOf":{"@id":"https:\/\/zarkaskate.com\/en\/#website"},"datePublished":"2025-09-27T13:35:34+00:00","dateModified":"2025-10-19T21:45:20+00:00","breadcrumb":{"@id":"https:\/\/zarkaskate.com\/en\/aviso-legal\/#breadcrumb"},"inLanguage":"en-US","potentialAction":[{"@type":"ReadAction","target":["https:\/\/zarkaskate.com\/en\/aviso-legal\/"]}]},{"@type":"BreadcrumbList","@id":"https:\/\/zarkaskate.com\/en\/aviso-legal\/#breadcrumb","itemListElement":[{"@type":"ListItem","position":1,"name":"Portada","item":"https:\/\/zarkaskate.com\/en\/"},{"@type":"ListItem","position":2,"name":"Legal Notice"}]},{"@type":"WebSite","@id":"https:\/\/zarkaskate.com\/en\/#website","url":"https:\/\/zarkaskate.com\/en\/","name":"Zarka","description":"Cultura Skate","publisher":{"@id":"https:\/\/zarkaskate.com\/en\/#organization"},"potentialAction":[{"@type":"SearchAction","target":{"@type":"EntryPoint","urlTemplate":"https:\/\/zarkaskate.com\/en\/?s={search_term_string}"},"query-input":{"@type":"PropertyValueSpecification","valueRequired":true,"valueName":"search_term_string"}}],"inLanguage":"en-US"},{"@type":"Organization","@id":"https:\/\/zarkaskate.com\/en\/#organization","name":"Zarka","url":"https:\/\/zarkaskate.com\/en\/","logo":{"@type":"ImageObject","inLanguage":"en-US","@id":"https:\/\/zarkaskate.com\/en\/#\/schema\/logo\/image\/","url":"https:\/\/zarkaskate.com\/wp-content\/uploads\/2025\/09\/zarka-blanco-scaled.png","contentUrl":"https:\/\/zarkaskate.com\/wp-content\/uploads\/2025\/09\/zarka-blanco-scaled.png","width":2560,"height":1679,"caption":"Zarka"},"image":{"@id":"https:\/\/zarkaskate.com\/en\/#\/schema\/logo\/image\/"},"sameAs":["https:\/\/www.instagram.com\/zarka.skateboards\/"]}]}},"_links":{"self":[{"href":"https:\/\/zarkaskate.com\/en\/wp-json\/wp\/v2\/pages\/2834","targetHints":{"allow":["GET"]}}],"collection":[{"href":"https:\/\/zarkaskate.com\/en\/wp-json\/wp\/v2\/pages"}],"about":[{"href":"https:\/\/zarkaskate.com\/en\/wp-json\/wp\/v2\/types\/page"}],"author":[{"embeddable":true,"href":"https:\/\/zarkaskate.com\/en\/wp-json\/wp\/v2\/users\/1"}],"replies":[{"embeddable":true,"href":"https:\/\/zarkaskate.com\/en\/wp-json\/wp\/v2\/comments?post=2834"}],"version-history":[{"count":3,"href":"https:\/\/zarkaskate.com\/en\/wp-json\/wp\/v2\/pages\/2834\/revisions"}],"predecessor-version":[{"id":2837,"href":"https:\/\/zarkaskate.com\/en\/wp-json\/wp\/v2\/pages\/2834\/revisions\/2837"}],"wp:attachment":[{"href":"https:\/\/zarkaskate.com\/en\/wp-json\/wp\/v2\/media?parent=2834"}],"curies":[{"name":"wp","href":"https:\/\/api.w.org\/{rel}","templated":true}]}}